{"id":96,"date":"2020-12-01T09:46:17","date_gmt":"2020-12-01T08:46:17","guid":{"rendered":"https:\/\/www.digitella.ch\/fr\/?page_id=96"},"modified":"2021-07-05T13:48:03","modified_gmt":"2021-07-05T11:48:03","slug":"seo-referencement-naturel","status":"publish","type":"page","link":"https:\/\/www.digitella.ch\/de\/seo-referencement-naturel\/","title":{"rendered":"R\u00e9f\u00e9rencement naturel &#8211; SEO"},"content":{"rendered":"<section class=\"l-section wpb_row height_full valign_center color_alternate\"><div class=\"l-section-h i-cf\"><div class=\"g-cols vc_row type_default valign_top\"><div class=\"vc_col-sm-12 wpb_column vc_column_container\"><div class=\"vc_column-inner\"><div class=\"wpb_wrapper\"><div class=\"w-separator size_custom us_separator_1\" style=\"height:80px\"><style>@media(max-width:1024px){.us_separator_1{height:20px!important}}@media(max-width:600px){.us_separator_1{height:20px!important}}<\/style><\/div><div class=\"wpb_text_column\" ><div class=\"wpb_wrapper\"><h1>R\u00e9f\u00e9rencement naturel<\/h1>\n<h3>SEO &#8211; Search Engine Optimization<\/h3>\n<p>Le r\u00e9f\u00e9rencement naturel vise \u00e0 am\u00e9liorer le positionnement de votre site internet dans les pages de r\u00e9sultats des moteurs de recherche et augmenter votre visibilit\u00e9. Avec un bon r\u00e9f\u00e9rencement, votre site internet appara\u00eetra dans les premi\u00e8res pages des moteurs de recherches. Le r\u00e9f\u00e9rencement naturel se diff\u00e9rencie du <a href=\"https:\/\/www.digitella.ch\/referencement-sea\">r\u00e9f\u00e9rencement payant<\/a>. Vous n\u2019aurez pas \u00e0 payer pour \u00eatre positionn\u00e9. Avec le r\u00e9f\u00e9rencement naturel, la progression de votre site ne tient qu\u2019\u00e0 vous, mais n&#8217;est pas imm\u00e9diat. En effet, le SEO se fait sur le temps et d\u00e9pend de la qualit\u00e9 de votre contenu et des mots-cl\u00e9s utilis\u00e9s dans votre page.<\/p>\n<p>Nos sites internet sont optimis\u00e9s SEO, vous pouvez nous demander un audit de votre site internet afin de d\u00e9terminer les points \u00e0 am\u00e9liorer et vous permettre de grimper dans les premi\u00e8res places des recherches Google.<\/p>\n<\/div><\/div><div class=\"w-separator size_custom us_separator_2\" style=\"height:80px\"><style>@media(max-width:1024px){.us_separator_2{height:20px!important}}@media(max-width:600px){.us_separator_2{height:40px!important}}<\/style><\/div><\/div><\/div><\/div><\/div><\/div><\/section><section class=\"l-section wpb_row height_auto width_full\"><div class=\"l-section-h i-cf\"><div class=\"g-cols vc_row type_default valign_top\"><div class=\"vc_col-sm-12 wpb_column vc_column_container\"><div class=\"vc_column-inner\"><div class=\"wpb_wrapper\"><section class=\"l-section wpb_row us_custom_1126fc8a height_auto color_footer-bottom\" id=\"footer_mobile\"><div class=\"l-section-h i-cf\"><div class=\"g-cols vc_row type_default valign_top\"><div class=\"vc_col-sm-12 vc_col-xs-12 wpb_column vc_column_container\"><div class=\"vc_column-inner\"><div class=\"wpb_wrapper\"><div class=\"g-cols wpb_row  us_custom_c596fe48 type_default valign_top vc_inner desk_footer hide-mobile\"><div class=\"vc_col-sm-6 vc_hidden-sm vc_hidden-xs wpb_column vc_column_container\"><div class=\"vc_column-inner\"><div class=\"wpb_wrapper\"><div class=\"w-iconbox iconpos_left style_default color_custom align_left no_title\"><div class=\"w-iconbox-icon\" style=\"font-size:18px;color:#ffffff;\"><i class=\"fas fa-envelope\"><\/i><\/div><div class=\"w-iconbox-meta\"><div class=\"w-iconbox-text\"><p>hello@digitella.ch<\/p>\n<\/div><\/div><\/div><\/div><\/div><\/div><div class=\"vc_col-sm-6 vc_hidden-sm vc_hidden-xs wpb_column vc_column_container\"><div class=\"vc_column-inner\"><div class=\"wpb_wrapper\"><\/div><\/div><\/div><\/div><div class=\"g-cols wpb_row  type_default valign_top vc_inner mob_footer hide-desktop\"><div class=\"vc_col-sm-6 vc_hidden-lg vc_hidden-md vc_col-xs-6 wpb_column vc_column_container floatingL has-link\"><div class=\"vc_column-inner\"><div class=\"wpb_wrapper\"><div class=\"w-iconbox iconpos_top style_default color_custom align_center no_title no_text\"><div class=\"w-iconbox-icon\" style=\"font-size:28px;color:#ffffff;\"><i class=\"fas fa-envelope\"><\/i><\/div><div class=\"w-iconbox-meta\"><\/div><\/div><div class=\"wpb_text_column us_custom_fdcab3db\" ><div class=\"wpb_wrapper\"><p style=\"text-align: center;\">E-mail<\/p>\n<\/div><\/div><\/div><a href=\"mailto:info@digitella.ch\" class=\"vc_column-link smooth-scroll\" aria-label=\"Link\"><\/a><\/div><\/div><div class=\"vc_col-sm-6 vc_hidden-lg vc_hidden-md vc_col-xs-6 wpb_column vc_column_container floatingL has-link\"><div class=\"vc_column-inner\"><div class=\"wpb_wrapper\"><div class=\"wpb_text_column\" ><div class=\"wpb_wrapper\"><p style=\"text-align: center;\">Tel<\/p>\n<\/div><\/div><\/div><a href=\"tel:+41789288269\" class=\"vc_column-link smooth-scroll\" aria-label=\"Link\"><\/a><\/div><\/div><\/div><\/div><\/div><\/div><\/div><\/div><\/section>\n<\/div><\/div><\/div><\/div><\/div><\/section>\n","protected":false},"excerpt":{"rendered":"R\u00e9f\u00e9rencement naturel SEO &#8211; Search Engine Optimization Le r\u00e9f\u00e9rencement naturel vise \u00e0 am\u00e9liorer le positionnement de votre site internet dans les pages de r\u00e9sultats des moteurs de recherche et augmenter votre visibilit\u00e9. Avec un bon r\u00e9f\u00e9rencement, votre site internet appara\u00eetra dans les premi\u00e8res pages des moteurs de recherches. Le r\u00e9f\u00e9rencement naturel se diff\u00e9rencie du r\u00e9f\u00e9rencement...","protected":false},"author":1,"featured_media":0,"parent":0,"menu_order":0,"comment_status":"closed","ping_status":"closed","template":"","meta":{"_acf_changed":false,"footnotes":""},"class_list":["post-96","page","type-page","status-publish","hentry"],"acf":[],"yoast_head":"<!-- This site is optimized with the Yoast SEO plugin v24.9 - https:\/\/yoast.com\/wordpress\/plugins\/seo\/ -->\n<title>SEO r\u00e9f\u00e9rencement naturel - positionnement moteurs de recherche<\/title>\n<meta name=\"description\" content=\"SEO ou r\u00e9f\u00e9rencement naturel am\u00e9liore le positionnement et la visibilit\u00e9 de votre site internet dans les r\u00e9sultats des moteurs de recherche.\" \/>\n<meta name=\"robots\" content=\"index, follow, max-snippet:-1, max-image-preview:large, max-video-preview:-1\" \/>\n<link rel=\"canonical\" href=\"https:\/\/www.digitella.ch\/de\/seo-referencement-naturel\/\" \/>\n<meta property=\"og:locale\" content=\"de_DE\" \/>\n<meta property=\"og:locale:alternate\" content=\"fr_FR\" \/>\n<meta property=\"og:locale:alternate\" content=\"en_US\" \/>\n<meta property=\"og:type\" content=\"article\" \/>\n<meta property=\"og:title\" content=\"SEO r\u00e9f\u00e9rencement naturel - positionnement moteurs de recherche\" \/>\n<meta property=\"og:description\" content=\"SEO ou r\u00e9f\u00e9rencement naturel am\u00e9liore le positionnement et la visibilit\u00e9 de votre site internet dans les r\u00e9sultats des moteurs de recherche.\" \/>\n<meta property=\"og:url\" content=\"https:\/\/www.digitella.ch\/de\/seo-referencement-naturel\/\" \/>\n<meta property=\"og:site_name\" content=\"Digitella\" \/>\n<meta property=\"article:modified_time\" content=\"2021-07-05T11:48:03+00:00\" \/>\n<meta name=\"twitter:card\" content=\"summary_large_image\" \/>\n<meta name=\"twitter:label1\" content=\"Gesch\u00e4tzte Lesezeit\" \/>\n\t<meta name=\"twitter:data1\" content=\"2 Minuten\" \/>\n<script type=\"application\/ld+json\" class=\"yoast-schema-graph\">{\"@context\":\"https:\/\/schema.org\",\"@graph\":[{\"@type\":\"WebPage\",\"@id\":\"https:\/\/www.digitella.ch\/fr\/seo-referencement-naturel\/\",\"url\":\"https:\/\/www.digitella.ch\/fr\/seo-referencement-naturel\/\",\"name\":\"SEO r\u00e9f\u00e9rencement naturel - positionnement moteurs de recherche\",\"isPartOf\":{\"@id\":\"https:\/\/www.digitella.ch\/#website\"},\"datePublished\":\"2020-12-01T08:46:17+00:00\",\"dateModified\":\"2021-07-05T11:48:03+00:00\",\"description\":\"SEO ou r\u00e9f\u00e9rencement naturel am\u00e9liore le positionnement et la visibilit\u00e9 de votre site internet dans les r\u00e9sultats des moteurs de recherche.\",\"breadcrumb\":{\"@id\":\"https:\/\/www.digitella.ch\/fr\/seo-referencement-naturel\/#breadcrumb\"},\"inLanguage\":\"DE\",\"potentialAction\":[{\"@type\":\"ReadAction\",\"target\":[\"https:\/\/www.digitella.ch\/fr\/seo-referencement-naturel\/\"]}]},{\"@type\":\"BreadcrumbList\",\"@id\":\"https:\/\/www.digitella.ch\/fr\/seo-referencement-naturel\/#breadcrumb\",\"itemListElement\":[{\"@type\":\"ListItem\",\"position\":1,\"name\":\"Accueil\",\"item\":\"https:\/\/www.digitella.ch\/fr\/\"},{\"@type\":\"ListItem\",\"position\":2,\"name\":\"SEO &#8211; R\u00e9f\u00e9rencement naturel\"}]},{\"@type\":\"WebSite\",\"@id\":\"https:\/\/www.digitella.ch\/#website\",\"url\":\"https:\/\/www.digitella.ch\/\",\"name\":\"Digitella\",\"description\":\"Digital Mentor & Strategist\",\"potentialAction\":[{\"@type\":\"SearchAction\",\"target\":{\"@type\":\"EntryPoint\",\"urlTemplate\":\"https:\/\/www.digitella.ch\/?s={search_term_string}\"},\"query-input\":{\"@type\":\"PropertyValueSpecification\",\"valueRequired\":true,\"valueName\":\"search_term_string\"}}],\"inLanguage\":\"DE\"}]}<\/script>\n<!-- \/ Yoast SEO plugin. -->","yoast_head_json":{"title":"SEO r\u00e9f\u00e9rencement naturel - positionnement moteurs de recherche","description":"SEO ou r\u00e9f\u00e9rencement naturel am\u00e9liore le positionnement et la visibilit\u00e9 de votre site internet dans les r\u00e9sultats des moteurs de recherche.","robots":{"index":"index","follow":"follow","max-snippet":"max-snippet:-1","max-image-preview":"max-image-preview:large","max-video-preview":"max-video-preview:-1"},"canonical":"https:\/\/www.digitella.ch\/de\/seo-referencement-naturel\/","og_locale":"de_DE","og_type":"article","og_title":"SEO r\u00e9f\u00e9rencement naturel - positionnement moteurs de recherche","og_description":"SEO ou r\u00e9f\u00e9rencement naturel am\u00e9liore le positionnement et la visibilit\u00e9 de votre site internet dans les r\u00e9sultats des moteurs de recherche.","og_url":"https:\/\/www.digitella.ch\/de\/seo-referencement-naturel\/","og_site_name":"Digitella","article_modified_time":"2021-07-05T11:48:03+00:00","twitter_card":"summary_large_image","twitter_misc":{"Gesch\u00e4tzte Lesezeit":"2 Minuten"},"schema":{"@context":"https:\/\/schema.org","@graph":[{"@type":"WebPage","@id":"https:\/\/www.digitella.ch\/fr\/seo-referencement-naturel\/","url":"https:\/\/www.digitella.ch\/fr\/seo-referencement-naturel\/","name":"SEO r\u00e9f\u00e9rencement naturel - positionnement moteurs de recherche","isPartOf":{"@id":"https:\/\/www.digitella.ch\/#website"},"datePublished":"2020-12-01T08:46:17+00:00","dateModified":"2021-07-05T11:48:03+00:00","description":"SEO ou r\u00e9f\u00e9rencement naturel am\u00e9liore le positionnement et la visibilit\u00e9 de votre site internet dans les r\u00e9sultats des moteurs de recherche.","breadcrumb":{"@id":"https:\/\/www.digitella.ch\/fr\/seo-referencement-naturel\/#breadcrumb"},"inLanguage":"DE","potentialAction":[{"@type":"ReadAction","target":["https:\/\/www.digitella.ch\/fr\/seo-referencement-naturel\/"]}]},{"@type":"BreadcrumbList","@id":"https:\/\/www.digitella.ch\/fr\/seo-referencement-naturel\/#breadcrumb","itemListElement":[{"@type":"ListItem","position":1,"name":"Accueil","item":"https:\/\/www.digitella.ch\/fr\/"},{"@type":"ListItem","position":2,"name":"SEO &#8211; R\u00e9f\u00e9rencement naturel"}]},{"@type":"WebSite","@id":"https:\/\/www.digitella.ch\/#website","url":"https:\/\/www.digitella.ch\/","name":"Digitella","description":"Digital Mentor & Strategist","potentialAction":[{"@type":"SearchAction","target":{"@type":"EntryPoint","urlTemplate":"https:\/\/www.digitella.ch\/?s={search_term_string}"},"query-input":{"@type":"PropertyValueSpecification","valueRequired":true,"valueName":"search_term_string"}}],"inLanguage":"DE"}]}},"_links":{"self":[{"href":"https:\/\/www.digitella.ch\/de\/wp-json\/wp\/v2\/pages\/96","targetHints":{"allow":["GET"]}}],"collection":[{"href":"https:\/\/www.digitella.ch\/de\/wp-json\/wp\/v2\/pages"}],"about":[{"href":"https:\/\/www.digitella.ch\/de\/wp-json\/wp\/v2\/types\/page"}],"author":[{"embeddable":true,"href":"https:\/\/www.digitella.ch\/de\/wp-json\/wp\/v2\/users\/1"}],"replies":[{"embeddable":true,"href":"https:\/\/www.digitella.ch\/de\/wp-json\/wp\/v2\/comments?post=96"}],"version-history":[{"count":13,"href":"https:\/\/www.digitella.ch\/de\/wp-json\/wp\/v2\/pages\/96\/revisions"}],"predecessor-version":[{"id":104,"href":"https:\/\/www.digitella.ch\/de\/wp-json\/wp\/v2\/pages\/96\/revisions\/104"}],"wp:attachment":[{"href":"https:\/\/www.digitella.ch\/de\/wp-json\/wp\/v2\/media?parent=96"}],"curies":[{"name":"wp","href":"https:\/\/api.w.org\/{rel}","templated":true}]}}